{"id":6401,"date":"2025-02-25T12:37:35","date_gmt":"2025-02-25T09:37:35","guid":{"rendered":"https:\/\/dsavvidis.gr\/?page_id=6401"},"modified":"2025-09-30T10:07:39","modified_gmt":"2025-09-30T07:07:39","slug":"synedria","status":"publish","type":"page","link":"https:\/\/dsavvidis.gr\/en\/synedria\/","title":{"rendered":"Short Courses &amp; CPD"},"content":{"rendered":"<div data-elementor-type=\"wp-page\" data-elementor-id=\"6401\" class=\"elementor elementor-6401\">\n\t\t\t\t<div class=\"elementor-element elementor-element-eda3f1b e-flex e-con-boxed e-con e-parent\" data-id=\"eda3f1b\" data-element_type=\"container\">\n\t\t\t\t\t<div class=\"e-con-inner\">\n\t\t\t\t<div class=\"elementor-element elementor-element-f31181d meta-visibility-show title_position_default title_hover_border_default title-default meta_position_default tpg-el-box-border-enable tpg-border-bottom-disable elementor-widget elementor-widget-tpg-list-layout\" data-id=\"f31181d\" data-element_type=\"widget\" data-widget_type=\"tpg-list-layout.default\">\n\t\t\t\t<div class=\"elementor-widget-container\">\n\t\t\t\t\t\n        <div class=\"rt-container-fluid rt-tpg-container tpg-el-main-wrapper list-layout1-main\"\n             data-sc-id=\"elementor\"\n             id=\"rt-tpg-container-4113888255\"\n             data-layout=\"list-layout1\"\n             data-grid-style=\"tpg-even\"\n             data-el-settings=''\n             data-el-query=''\n             data-el-path=''\n        >\n\t\t\t            <div class='tpg-header-wrapper'>\n\t\t\t\t            <\/div>\n\n            <div data-title=\"Loading ...\" class=\"rt-row rt-content-loader list-layout1 tpg-even list-behaviour list-layout-wrapper\">\n\t\t\t\t\n<div class=\"rt-col-md-12 rt-col-sm-12 rt-col-xs-12 default rt-list-item rt-grid-item\" data-id=\"6364\">\n\t<div class=\"rt-holder tpg-post-holder\">\n\t\t<div class=\"rt-detail rt-el-content-wrapper\">\n\t\t\t\n\t\t\t<div class=\"post-right-content\">\n\t\t\t\t<div class=\"entry-title-wrapper\"><h3 class=\"entry-title\">Dr Savvidis participated in the Truck Safety Conference organized by Transport &amp; Environment (T&amp;E) in Brussels on Wednesday 12\/10\/2016<\/h3><\/div>\n\t\t\t\t\t\t\t\t\t<div class=\"post-meta-tags rt-el-post-meta\">\n\t\t\t\t\t\t            <span class='date'>\n\t\t\t\t<i class='far fa-calendar-alt'><\/i>\t\t\t\t                    <a href=\"https:\/\/dsavvidis.gr\/en\/2016\/10\/12\/\">\n\t\t\t\t\t12 October 2016\t\t\t\t<\/a>\n\t\t\t\t\t\t\t<\/span>\n\t\t\t\t\t\t\t\t<\/div>\n\t\t\t\t\n\t\t\t\t\n\t\t\t\t\t\t\t<\/div>\n\t\t<\/div>\n\t<\/div>\n<\/div>\n\n<div class=\"rt-col-md-12 rt-col-sm-12 rt-col-xs-12 default rt-list-item rt-grid-item\" data-id=\"6367\">\n\t<div class=\"rt-holder tpg-post-holder\">\n\t\t<div class=\"rt-detail rt-el-content-wrapper\">\n\t\t\t\n\t\t\t<div class=\"post-right-content\">\n\t\t\t\t<div class=\"entry-title-wrapper\"><h3 class=\"entry-title\">Dr Savvidis will be participating as a speaker in the conference \"Tomorrow's vehicles: Challenges for industry and Universities\" held at the University of Antwerp in Belgium on 22-23rd of September 2016<\/h3><\/div>\n\t\t\t\t\t\t\t\t\t<div class=\"post-meta-tags rt-el-post-meta\">\n\t\t\t\t\t\t            <span class='date'>\n\t\t\t\t<i class='far fa-calendar-alt'><\/i>\t\t\t\t                    <a href=\"https:\/\/dsavvidis.gr\/en\/2016\/09\/22\/\">\n\t\t\t\t\t22 September 2016\t\t\t\t<\/a>\n\t\t\t\t\t\t\t<\/span>\n\t\t\t\t\t\t\t\t<\/div>\n\t\t\t\t\n\t\t\t\t\n\t\t\t\t\t\t\t<\/div>\n\t\t<\/div>\n\t<\/div>\n<\/div>\n\n<div class=\"rt-col-md-12 rt-col-sm-12 rt-col-xs-12 default rt-list-item rt-grid-item\" data-id=\"6370\">\n\t<div class=\"rt-holder tpg-post-holder\">\n\t\t<div class=\"rt-detail rt-el-content-wrapper\">\n\t\t\t\n\t\t\t<div class=\"post-right-content\">\n\t\t\t\t<div class=\"entry-title-wrapper\"><h3 class=\"entry-title\">Dr Savvidis' presentation at 12th Integer Emissions Summit &amp; AdBlue\u00ae Forum Europe 2016, Brussels 21 \u2013 23 June 2016<\/h3><\/div>\n\t\t\t\t\t\t\t\t\t<div class=\"post-meta-tags rt-el-post-meta\">\n\t\t\t\t\t\t            <span class='date'>\n\t\t\t\t<i class='far fa-calendar-alt'><\/i>\t\t\t\t                    <a href=\"https:\/\/dsavvidis.gr\/en\/2016\/06\/21\/\">\n\t\t\t\t\t21 June 2016\t\t\t\t<\/a>\n\t\t\t\t\t\t\t<\/span>\n\t\t\t\t\t\t\t\t<\/div>\n\t\t\t\t\n\t\t\t\t\n\t\t\t\t\t\t\t<\/div>\n\t\t<\/div>\n\t<\/div>\n<\/div>\n\n<div class=\"rt-col-md-12 rt-col-sm-12 rt-col-xs-12 default rt-list-item rt-grid-item\" data-id=\"6373\">\n\t<div class=\"rt-holder tpg-post-holder\">\n\t\t<div class=\"rt-detail rt-el-content-wrapper\">\n\t\t\t\n\t\t\t<div class=\"post-right-content\">\n\t\t\t\t<div class=\"entry-title-wrapper\"><h3 class=\"entry-title\">Dr Dimitrios Savvidis has been one of the main speakers in the workshop \"Regulaci\u00f3n de la Eficiencia Energ\u00e9tica en Veh\u00edculos Pesados\" organized by the Mexican Ministry of Energy in Mexico on 29-30th of September 2015. A meeting with the Mexican Universidad Aut\u00f3noma Metropolitana (UAM) has taken place in order to exchange views on the latest developments for calculating CO2 emissions and fuel consumption from Heavy Duty Vehicles.<\/h3><\/div>\n\t\t\t\t\t\t\t\t\t<div class=\"post-meta-tags rt-el-post-meta\">\n\t\t\t\t\t\t            <span class='date'>\n\t\t\t\t<i class='far fa-calendar-alt'><\/i>\t\t\t\t                    <a href=\"https:\/\/dsavvidis.gr\/en\/2015\/09\/01\/\">\n\t\t\t\t\t1 September 2015\t\t\t\t<\/a>\n\t\t\t\t\t\t\t<\/span>\n\t\t\t\t\t\t\t\t<\/div>\n\t\t\t\t\n\t\t\t\t\n\t\t\t\t\t\t\t<\/div>\n\t\t<\/div>\n\t<\/div>\n<\/div>\n\n<div class=\"rt-col-md-12 rt-col-sm-12 rt-col-xs-12 default rt-list-item rt-grid-item\" data-id=\"6383\">\n\t<div class=\"rt-holder tpg-post-holder\">\n\t\t<div class=\"rt-detail rt-el-content-wrapper\">\n\t\t\t\n\t\t\t<div class=\"post-right-content\">\n\t\t\t\t<div class=\"entry-title-wrapper\"><h3 class=\"entry-title\">Dr Savvidis' presentation (1:30-28:00) at Automotive Logistics Europe  Conference:Regulations, Innovation and the Competitive Advantage, Bonn Germany, 11-12 April 2015<\/h3><\/div>\n\t\t\t\t\t\t\t\t\t<div class=\"post-meta-tags rt-el-post-meta\">\n\t\t\t\t\t\t            <span class='date'>\n\t\t\t\t<i class='far fa-calendar-alt'><\/i>\t\t\t\t                    <a href=\"https:\/\/dsavvidis.gr\/en\/2015\/04\/11\/\">\n\t\t\t\t\t11 April 2015\t\t\t\t<\/a>\n\t\t\t\t\t\t\t<\/span>\n\t\t\t\t\t\t\t\t<\/div>\n\t\t\t\t\n\t\t\t\t\n\t\t\t\t\t\t\t<\/div>\n\t\t<\/div>\n\t<\/div>\n<\/div>\n\n<div class=\"rt-col-md-12 rt-col-sm-12 rt-col-xs-12 default rt-list-item rt-grid-item\" data-id=\"6376\">\n\t<div class=\"rt-holder tpg-post-holder\">\n\t\t<div class=\"rt-detail rt-el-content-wrapper\">\n\t\t\t\n\t\t\t<div class=\"post-right-content\">\n\t\t\t\t<div class=\"entry-title-wrapper\"><h3 class=\"entry-title\">Dr Dimitrios Savvidis participated in the workshop \"Heavy Duty Fuel Efficiency Regulations\" organized by the Indian authorities in New Delhi, India, 29-30 April 2015<\/h3><\/div>\n\t\t\t\t\t\t\t\t\t<div class=\"post-meta-tags rt-el-post-meta\">\n\t\t\t\t\t\t            <span class='date'>\n\t\t\t\t<i class='far fa-calendar-alt'><\/i>\t\t\t\t                    <a href=\"https:\/\/dsavvidis.gr\/en\/2015\/04\/01\/\">\n\t\t\t\t\t1 April 2015\t\t\t\t<\/a>\n\t\t\t\t\t\t\t<\/span>\n\t\t\t\t\t\t\t\t<\/div>\n\t\t\t\t\n\t\t\t\t\n\t\t\t\t\t\t\t<\/div>\n\t\t<\/div>\n\t<\/div>\n<\/div>\n\n<div class=\"rt-col-md-12 rt-col-sm-12 rt-col-xs-12 default rt-list-item rt-grid-item\" data-id=\"6386\">\n\t<div class=\"rt-holder tpg-post-holder\">\n\t\t<div class=\"rt-detail rt-el-content-wrapper\">\n\t\t\t\n\t\t\t<div class=\"post-right-content\">\n\t\t\t\t<div class=\"entry-title-wrapper\"><h3 class=\"entry-title\">\"Green Week Conference, Cleaner air for all\", Brussels 4-7 June 2013<\/h3><\/div>\n\t\t\t\t\t\t\t\t\t<div class=\"post-meta-tags rt-el-post-meta\">\n\t\t\t\t\t\t            <span class='date'>\n\t\t\t\t<i class='far fa-calendar-alt'><\/i>\t\t\t\t                    <a href=\"https:\/\/dsavvidis.gr\/en\/2013\/06\/04\/\">\n\t\t\t\t\t4 June 2013\t\t\t\t<\/a>\n\t\t\t\t\t\t\t<\/span>\n\t\t\t\t\t\t\t\t<\/div>\n\t\t\t\t\n\t\t\t\t\n\t\t\t\t\t\t\t<\/div>\n\t\t<\/div>\n\t<\/div>\n<\/div>\n\n<div class=\"rt-col-md-12 rt-col-sm-12 rt-col-xs-12 default rt-list-item rt-grid-item\" data-id=\"6389\">\n\t<div class=\"rt-holder tpg-post-holder\">\n\t\t<div class=\"rt-detail rt-el-content-wrapper\">\n\t\t\t\n\t\t\t<div class=\"post-right-content\">\n\t\t\t\t<div class=\"entry-title-wrapper\"><h3 class=\"entry-title\">\"World Standards Day 2011, Competitiveness through standardisation\", Brussels (14\/10\/2011)<\/h3><\/div>\n\t\t\t\t\t\t\t\t\t<div class=\"post-meta-tags rt-el-post-meta\">\n\t\t\t\t\t\t            <span class='date'>\n\t\t\t\t<i class='far fa-calendar-alt'><\/i>\t\t\t\t                    <a href=\"https:\/\/dsavvidis.gr\/en\/2011\/10\/14\/\">\n\t\t\t\t\t14 October 2011\t\t\t\t<\/a>\n\t\t\t\t\t\t\t<\/span>\n\t\t\t\t\t\t\t\t<\/div>\n\t\t\t\t\n\t\t\t\t\n\t\t\t\t\t\t\t<\/div>\n\t\t<\/div>\n\t<\/div>\n<\/div>\n\n<div class=\"rt-col-md-12 rt-col-sm-12 rt-col-xs-12 default rt-list-item rt-grid-item\" data-id=\"6392\">\n\t<div class=\"rt-holder tpg-post-holder\">\n\t\t<div class=\"rt-detail rt-el-content-wrapper\">\n\t\t\t\n\t\t\t<div class=\"post-right-content\">\n\t\t\t\t<div class=\"entry-title-wrapper\"><h3 class=\"entry-title\">\"Green economy: 10 years' success story of End of Life Vehicle\", European Commission-DG Environment, Brussels-Belgium (5\/10\/2011)<\/h3><\/div>\n\t\t\t\t\t\t\t\t\t<div class=\"post-meta-tags rt-el-post-meta\">\n\t\t\t\t\t\t            <span class='date'>\n\t\t\t\t<i class='far fa-calendar-alt'><\/i>\t\t\t\t                    <a href=\"https:\/\/dsavvidis.gr\/en\/2011\/10\/05\/\">\n\t\t\t\t\t5 October 2011\t\t\t\t<\/a>\n\t\t\t\t\t\t\t<\/span>\n\t\t\t\t\t\t\t\t<\/div>\n\t\t\t\t\n\t\t\t\t\n\t\t\t\t\t\t\t<\/div>\n\t\t<\/div>\n\t<\/div>\n<\/div>\n\n<div class=\"rt-col-md-12 rt-col-sm-12 rt-col-xs-12 default rt-list-item rt-grid-item\" data-id=\"6395\">\n\t<div class=\"rt-holder tpg-post-holder\">\n\t\t<div class=\"rt-detail rt-el-content-wrapper\">\n\t\t\t\n\t\t\t<div class=\"post-right-content\">\n\t\t\t\t<div class=\"entry-title-wrapper\"><h3 class=\"entry-title\">Mr Savvidis' presentation in \u2018Archimides\u2019 conference entitled with \u2018Consequences of BioDiesel in Diesel motors\u2019(18542KB)<\/h3><\/div>\n\t\t\t\t\t\t\t\t\t<div class=\"post-meta-tags rt-el-post-meta\">\n\t\t\t\t\t\t            <span class='date'>\n\t\t\t\t<i class='far fa-calendar-alt'><\/i>\t\t\t\t                    <a href=\"https:\/\/dsavvidis.gr\/en\/2008\/02\/25\/\">\n\t\t\t\t\t25 February 2008\t\t\t\t<\/a>\n\t\t\t\t\t\t\t<\/span>\n\t\t\t\t\t\t\t\t<\/div>\n\t\t\t\t\n\t\t\t\t\n\t\t\t\t\t\t\t<\/div>\n\t\t<\/div>\n\t<\/div>\n<\/div>\n\n<div class=\"rt-col-md-12 rt-col-sm-12 rt-col-xs-12 default rt-list-item rt-grid-item\" data-id=\"6398\">\n\t<div class=\"rt-holder tpg-post-holder\">\n\t\t<div class=\"rt-detail rt-el-content-wrapper\">\n\t\t\t\n\t\t\t<div class=\"post-right-content\">\n\t\t\t\t<div class=\"entry-title-wrapper\"><h3 class=\"entry-title\">Presentation of the scientific paper \u2018Influence of Various Blends Cottonseed Methylester Biodiesel on Steady State Emissions Using an Old Technology Ford Escort on a Chassis Dynamometer\u2019, at Commercial Vehicle Engineering Congress and Exhibition, Chicago, US, \u039f\u03ba\u03c4\u03ce\u03b2\u03c1\u03b9\u03bf\u03c2 2007<\/h3><\/div>\n\t\t\t\t\t\t\t\t\t<div class=\"post-meta-tags rt-el-post-meta\">\n\t\t\t\t\t\t            <span class='date'>\n\t\t\t\t<i class='far fa-calendar-alt'><\/i>\t\t\t\t                    <a href=\"https:\/\/dsavvidis.gr\/en\/2007\/10\/25\/\">\n\t\t\t\t\t25 October 2007\t\t\t\t<\/a>\n\t\t\t\t\t\t\t<\/span>\n\t\t\t\t\t\t\t\t<\/div>\n\t\t\t\t\n\t\t\t\t\n\t\t\t\t\t\t\t<\/div>\n\t\t<\/div>\n\t<\/div>\n<\/div>\n            <\/div>\n\n\t\t\t\n        <\/div>\n\t\t\t\t\t\t<\/div>\n\t\t\t\t<\/div>\n\t\t\t\t\t<\/div>\n\t\t\t\t<\/div>\n\t\t\t\t<\/div>","protected":false},"excerpt":{"rendered":"<p>\u039f \u0394\u03c1 \u03a3\u03b1\u03b2\u03b2\u03af\u03b4\u03b7\u03c2 \u03c3\u03c5\u03bc\u03bc\u03b5\u03c4\u03b5\u03af\u03c7\u03b5 \u03c3\u03c4\u03bf \u03c3\u03c5\u03bd\u03ad\u03b4\u03c1\u03b9\u03bf \u03b3\u03b9\u03b1 \u03c4\u03b7\u03bd \u03b1\u03c3\u03c6\u03ac\u03bb\u03b5\u03b9\u03b1 \u03c4\u03c9\u03bd \u03c6\u03bf\u03c1\u03c4\u03b7\u03b3\u03ce\u03bd \u03bc\u03b5 \u03c4\u03af\u03c4\u03bb\u03bf Truck Safety Conference \u03c0\u03bf\u03c5 \u03bf\u03c1\u03b3\u03ac\u03bd\u03c9\u03c3\u03b5 \u03b7 \u039c\u039a\u039f Transport &amp; Environment (T&amp;E) \u03c3\u03c4\u03b9\u03c2 \u0392\u03c1\u03c5\u03be\u03ad\u03bb\u03bb\u03b5\u03c2 \u03c4\u03b7\u03bd \u03a4\u03b5\u03c4\u03ac\u03c1\u03c4\u03b7 12\/10\/2016 12 \u039f\u03ba\u03c4\u03c9\u03b2\u03c1\u03af\u03bf\u03c5 2016 \u039f \u0394\u03c1 \u03a3\u03b1\u03b2\u03b2\u03af\u03b4\u03b7\u03c2 \u03b8\u03b1 \u03c3\u03c5\u03bc\u03bc\u03b5\u03c4\u03ad\u03c7\u03b5\u03b9 \u03c9\u03c2 \u03bf\u03bc\u03b9\u03bb\u03b9\u03c4\u03ae\u03c2 \u03c3\u03c4\u03bf \u03c3\u03c5\u03bd\u03ad\u03b4\u03c1\u03b9\u03bf \u03c0\u03bf\u03c5 \u03c6\u03b9\u03bb\u03b5\u03be\u03b5\u03bd\u03b5\u03af \u03c4\u03bf \u03a0\u03b1\u03bd\u03b5\u03c0\u03b9\u03c3\u03c4\u03ae\u03bc\u03b9\u03bf \u03c4\u03b7\u03c2 \u0391\u03bc\u03b2\u03ad\u03c1\u03c3\u03b1\u03c2 \u03c3\u03c4\u03b9\u03c2 22-23 \u03a3\u03b5\u03c0\u03c4\u03b5\u03bc\u03b2\u03c1\u03af\u03bf\u03c5 2016 \u03bc\u03b5 \u03b8\u03ad\u03bc\u03b1 &#8220;Tomorrow&#8217;s vehicles: [&hellip;]<\/p>","protected":false},"author":1,"featured_media":0,"parent":0,"menu_order":0,"comment_status":"closed","ping_status":"closed","template":"elementor_header_footer","meta":{"_acf_changed":false,"footnotes":"","_links_to":"","_links_to_target":""},"class_list":["post-6401","page","type-page","status-publish","hentry"],"acf":[],"rttpg_featured_image_url":null,"rttpg_author":{"display_name":"dsavvidis","author_link":"https:\/\/dsavvidis.gr\/en\/author\/dsavvidis\/"},"rttpg_comment":0,"rttpg_category":"","rttpg_excerpt":"\u039f \u0394\u03c1 \u03a3\u03b1\u03b2\u03b2\u03af\u03b4\u03b7\u03c2 \u03c3\u03c5\u03bc\u03bc\u03b5\u03c4\u03b5\u03af\u03c7\u03b5 \u03c3\u03c4\u03bf \u03c3\u03c5\u03bd\u03ad\u03b4\u03c1\u03b9\u03bf \u03b3\u03b9\u03b1 \u03c4\u03b7\u03bd \u03b1\u03c3\u03c6\u03ac\u03bb\u03b5\u03b9\u03b1 \u03c4\u03c9\u03bd \u03c6\u03bf\u03c1\u03c4\u03b7\u03b3\u03ce\u03bd \u03bc\u03b5 \u03c4\u03af\u03c4\u03bb\u03bf Truck Safety Conference \u03c0\u03bf\u03c5 \u03bf\u03c1\u03b3\u03ac\u03bd\u03c9\u03c3\u03b5 \u03b7 \u039c\u039a\u039f Transport &amp; Environment (T&amp;E) \u03c3\u03c4\u03b9\u03c2 \u0392\u03c1\u03c5\u03be\u03ad\u03bb\u03bb\u03b5\u03c2 \u03c4\u03b7\u03bd \u03a4\u03b5\u03c4\u03ac\u03c1\u03c4\u03b7 12\/10\/2016 12 \u039f\u03ba\u03c4\u03c9\u03b2\u03c1\u03af\u03bf\u03c5 2016 \u039f \u0394\u03c1 \u03a3\u03b1\u03b2\u03b2\u03af\u03b4\u03b7\u03c2 \u03b8\u03b1 \u03c3\u03c5\u03bc\u03bc\u03b5\u03c4\u03ad\u03c7\u03b5\u03b9 \u03c9\u03c2 \u03bf\u03bc\u03b9\u03bb\u03b9\u03c4\u03ae\u03c2 \u03c3\u03c4\u03bf \u03c3\u03c5\u03bd\u03ad\u03b4\u03c1\u03b9\u03bf \u03c0\u03bf\u03c5 \u03c6\u03b9\u03bb\u03b5\u03be\u03b5\u03bd\u03b5\u03af \u03c4\u03bf \u03a0\u03b1\u03bd\u03b5\u03c0\u03b9\u03c3\u03c4\u03ae\u03bc\u03b9\u03bf \u03c4\u03b7\u03c2 \u0391\u03bc\u03b2\u03ad\u03c1\u03c3\u03b1\u03c2 \u03c3\u03c4\u03b9\u03c2 22-23 \u03a3\u03b5\u03c0\u03c4\u03b5\u03bc\u03b2\u03c1\u03af\u03bf\u03c5 2016 \u03bc\u03b5 \u03b8\u03ad\u03bc\u03b1 &#8220;Tomorrow&#8217;s vehicles:&hellip;","_links":{"self":[{"href":"https:\/\/dsavvidis.gr\/en\/wp-json\/wp\/v2\/pages\/6401","targetHints":{"allow":["GET"]}}],"collection":[{"href":"https:\/\/dsavvidis.gr\/en\/wp-json\/wp\/v2\/pages"}],"about":[{"href":"https:\/\/dsavvidis.gr\/en\/wp-json\/wp\/v2\/types\/page"}],"author":[{"embeddable":true,"href":"https:\/\/dsavvidis.gr\/en\/wp-json\/wp\/v2\/users\/1"}],"replies":[{"embeddable":true,"href":"https:\/\/dsavvidis.gr\/en\/wp-json\/wp\/v2\/comments?post=6401"}],"version-history":[{"count":19,"href":"https:\/\/dsavvidis.gr\/en\/wp-json\/wp\/v2\/pages\/6401\/revisions"}],"predecessor-version":[{"id":6743,"href":"https:\/\/dsavvidis.gr\/en\/wp-json\/wp\/v2\/pages\/6401\/revisions\/6743"}],"wp:attachment":[{"href":"https:\/\/dsavvidis.gr\/en\/wp-json\/wp\/v2\/media?parent=6401"}],"curies":[{"name":"wp","href":"https:\/\/api.w.org\/{rel}","templated":true}]}}